{"id":10071,"date":"2022-05-09T17:01:43","date_gmt":"2022-05-09T21:01:43","guid":{"rendered":"https:\/\/gallego-staging.creativengine.com\/ayuda-con-una-agencia-federal\/"},"modified":"2025-12-02T14:48:46","modified_gmt":"2025-12-02T19:48:46","slug":"ayuda-con-una-agencia-federal","status":"publish","type":"page","link":"https:\/\/www.gallego.senate.gov\/es\/ayuda-con-una-agencia-federal\/","title":{"rendered":"Ayuda con una agencia federal"},"content":{"rendered":"\t\t<div data-elementor-type=\"wp-page\" data-elementor-id=\"10071\" class=\"elementor elementor-10071 elementor-1943\" data-elementor-post-type=\"page\">\n\t\t\t\t<div data-particle_enable=\"false\" data-particle-mobile-disabled=\"false\" class=\"elementor-element elementor-element-9ebb07c e-flex e-con-boxed e-con e-parent\" data-id=\"9ebb07c\" data-element_type=\"container\">\n\t\t\t\t\t<div class=\"e-con-inner\">\n\t\t\t\t<div class=\"elementor-element elementor-element-a23b071 elementor-widget elementor-widget-global elementor-global-9605 elementor-widget-template\" data-id=\"a23b071\" data-element_type=\"widget\" data-widget_type=\"template.default\">\n\t\t\t\t<div class=\"elementor-widget-container\">\n\t\t\t\t\t\t\t<div class=\"elementor-template\">\n\t\t\t\t\t<div data-elementor-type=\"container\" data-elementor-id=\"9599\" class=\"elementor elementor-9599\" data-elementor-post-type=\"elementor_library\">\n\t\t\t\t<div data-particle_enable=\"false\" data-particle-mobile-disabled=\"false\" class=\"elementor-element elementor-element-2d37bb2e e-con-full e-flex e-con e-child\" data-id=\"2d37bb2e\" data-element_type=\"container\">\n\t\t\t\t<div class=\"elementor-element elementor-element-5ab46952 elementor-widget elementor-widget-heading\" data-id=\"5ab46952\" data-element_type=\"widget\" data-widget_type=\"heading.default\">\n\t\t\t\t<div class=\"elementor-widget-container\">\n\t\t\t\t\t<h1 class=\"elementor-heading-title elementor-size-default\">Ayuda con una agencia federal<\/h1>\t\t\t\t<\/div>\n\t\t\t\t<\/div>\n\t\t\t\t<div class=\"elementor-element elementor-element-677c0a6c elementor-widget__width-initial elementor-widget elementor-widget-html\" data-id=\"677c0a6c\" data-element_type=\"widget\" data-widget_type=\"html.default\">\n\t\t\t\t<div class=\"elementor-widget-container\">\n\t\t\t\t\t    <svg class=\"scribbleH-svg\" version=\"1.1\" id=\"Layer_1\" xmlns=\"http:\/\/www.w3.org\/2000\/svg\" xmlns:xlink=\"http:\/\/www.w3.org\/1999\/xlink\" x=\"0px\" y=\"0px\"\n                viewBox=\"0 0 270.8 46.7\">\n        \n                    <path fill=\"#FCB536\" d=\"M68.4,6c2.8-0.1,1.3-0.7,1.9-1c3.4-0.3,1.6,0.4,2.7,0.7c2.1-0.2,3.7-0.9,5.3-0.9\n                        c0.1,0.1,0.4,0.1,0.1,0.3c2.3-0.4,6.9-0.6,9.6-0.7c-0.4-0.3-0.5-0.6-0.4-0.8c1.3,0,2.4-0.4,2.8,0c-0.4,0-0.8,0.1-1.2,0.3l1.3-0.2\n                        c1.2,0.6-1.8,0.2-1.8,0.7c2.5-0.4,5.1-0.6,7.6-0.6c0.4,0.6-4.7,0.3-2,0.7l-3.1-0.2c2.4,0.9-1.9,0,0.3,0.9c4.1,0.1,4.5-0.4,8.6-0.3\n                        c0.9-0.3-0.3-0.5,0.6-0.8c5.7-0.7,4.5,1.4,8.8,0.6c1.4-0.8,3-1.1,4.5-0.8l-1,0.7c3.9,0,2.2-1,6.3-0.5c-0.7,0.3-3.1,0.2-2.5,0.3\n                        c2.7,0.5,1.9-0.4,3.9-0.4l0.4,0.6c4.2-0.1,8.8-0.5,13.4-0.6c-0.3,0.2-1.1,0.3,0,0.5c6.5-0.2,15.4,0.3,20.6,0.4\n                        c2.2,0.2,0.1-0.3,1.2-0.5c1.2,0,1.6,0.3,0.9,0.4c3.9-0.4,11-0.7,15.1-0.1l-0.8,0.1c3.2,0.3,3.6-0.9,6.5-0.4l-0.6,0.1\n                        c6.6,0.4,13.2,0.1,19.7,1.1c1-0.7,6.8,0.6,7.3-0.4c3.7,0.7,7.4,1.9,12.4,0.8l0,0.5l2.5-0.4l1.3,0.7l1.7-0.1\n                        c-0.7-0.1-1.4-0.3-1.3-0.4c2.7-0.1,6.5,0.7,6.6,0.9l1.6,0c0,0,0.1,0,0.1,0c0,0.3,0.1-2.8,0.1-1.5l0,0c0-0.1,0.1-0.1,0-0.1\n                        c0.2,0.2-0.5-1.3-0.5-1.4c-0.8,0.4-2,0.9-2.8,1.3c0.1-0.3,1-0.6,1.7-1.1c-2.9,1.6-0.7-0.3-3.4,1.1c0.4,0-0.1,0.4-0.2,0.5\n                        c-2.5,0.4-4.9,1-7.3,1.7l0.4-0.5c-4.5,0.9-9.6,1.9-14.8,2.6c1.9-0.1,1.6,0.6,0,0.9l-0.7-0.5c-0.9,0.5,1.6,0-0.4,0.7\n                        c-2,0.2-1.4-0.4-0.3-0.8l-2.4,0.5c-0.2-0.1,0.4-0.3,0.5-0.5c-0.9,0.5-4.2,0-5.5,0.8l-0.2-0.1c-5.2,0.7-7.6,1.1-11.8,1.7\n                        c-3.5,2.5-11.6,0.1-15.3,2.7c-0.2-0.4-4,0-2.1-0.5c-4.5,0.5-5.8,0.7-11.5,1.6c3,0.4-1.7,0.6-1.3,0.1l0.3-0.1\n                        c-6.4,1.3-15,0.2-20.1,1.6l0.3-0.1l-5.3,1c-2.5,0.2,1.4-0.5-0.4-0.6c-11.4,1.8-20.1,1.8-31.9,3l0.3,0.3c-1.2,0.4-1.6,0-2.5,0\n                        c0.2,0.2,1.4,0.1,0.6,0.4c-10.9,1.6-22.5,2.3-33.5,3.7c-4.1,0.5-2.1,1.9-7.3,2l1.4-0.8c-8,1.9-16.6,2.8-24.5,4.9\n                        c0.4-0.3,0.8-0.4,1.2-0.5c-2.1,0.2-4.3,0.4-6.2,1.6c-1.2,0.2-0.3-0.2-1.1-0.2c-1.2,0.1-6.7,2-4.3,0.9c-1.1,0.4-5.1,1.1-4,1.3\n                        c-4.9,1-8.5,2.2-13,3.3c-0.7,0.2-1.4,0.9-1.4,1.7c-1.9,4.1,5.4,3.7,8,3.7c-0.7,0.2,1.6,0.4,0.9,0.7c2.2,0.2,4.2,0.2,3.9-0.2\n                        c4,1.3,8.2-0.2,10.4,1.1l18.4-0.3c0,0.8-6.3,0-6.2,0.8c1.9-0.1,19-1.4,13-0.2c5.4-0.3,10.4,0,15.7-0.5c-0.3,0.1-0.7,0.2-1,0.2\n                        c1,0,2.3,0.1,2.1-0.3c-4,0.3,2.5-1.1,3.1-1.3c-1.6,1,4.9,0.1,2.3,1.4c0.6-0.1,1.4-0.3,1.3-0.5c0.9,0,1.3,0.2,0.3,0.5\n                        c3.5-0.3,2.2-0.6,5.4-0.7c0,0.2-0.6,0.3-1,0.5c1.9-0.5,3.9-0.8,5.8-0.7c-0.2,0.1,0.2,0.2-0.6,0.3c4.6-0.2,7.8-1.2,12.8-1.1\n                        c-1.4,0.8,1.7,0.2,2,0.8l2.7-0.3l-1.1-0.2c2.4-0.1,4.4-0.6,6.5-0.5L103,43l4.4-0.3l-2.5-0.1c2.4-0.4-0.3-0.8,2.9-0.7\n                        c1.2,0,2.4,0.1,3.6,0.2h0c1.1-0.1,4.8-1.3,4.1,0.4c1.1-0.6,5.5-0.3,7-0.9c-0.5,0.1-0.5,0.5-0.3,0.5l1-0.5c1.1,0.1,1.3,0.2,1.1,0.4\n                        c3.3,0-1.1-0.8,2.8-0.5c-0.3,0.1-0.5,0.1-0.8,0.2c2.2,0.3,16.3-1.2,9.3,0.4c5.2-0.2,10.7-0.9,15.8-0.8l-0.9-0.1\n                        c0.7-0.9,3.7,0.4,6.3,0c-0.6,0.1-0.8,0.5-0.6,0.4c3.4,0.1,7-0.2,12.3-0.5l-0.6,0.2c1.3-0.1,8.8,0.9,8.7-0.2\n                        c6.2,1.3,12.6-0.4,18.9,0.8c-4.3,0.3,3.9,0.1,4,0.1c-0.4-0.4-0.7-0.3-1.7-0.6c1.1-0.3,2.2-0.4,3.4-0.3c-2.3,0.2,0,0.6,1,0.9\n                        c-0.2-0.1,0.2-0.2,0.1-0.4c2.6,0.8,0.5-0.8,4.1-0.2l-0.2,0.2c1.4-0.1,2.7-0.2,4.1-0.2c0.6,0.5-1.5,0.2-1.6,0.5c2.1,0,4.1-0.7,6-0.1\n                        c-0.9,0.1-2.1,0-3,0.1c1.2,0.4,2.5,0.6,3.8,0.7l-0.1,0l3.5,0.4l-0.9-0.2c2.6-1.1,5.3,0.1,8.8-0.5c-3.4,0.5-0.6,0.4-0.9,0.9\n                        c0.9,0.2,2.2,0.4,1.8,0.5c1.7-0.3,2.7,0.5,5.1,0c0.1,0.2,1.8,0.1,1.4,0.5c2.1,0-0.5-0.3-0.3-0.5c3.3-0.3,7.7,1.2,12.5,0.8\n                        c4.1,0,4.9-0.5,8.7-0.5c1.3,0.4-1.1,0.5-1.1,0.5c1.8,0.4,3.7,0.5,5.6,0.5c-0.4,0.1,0,0.3,0.6,0.5c1.6,0.1,1.1-0.5,3.1-0.1\n                        c-0.5,0.2-1.1,0.4-1.6,0.5c1.8,0,3.7-0.1,5.6-0.1c0.5,0.3-1.2,0.3-1.9,0.5c2.1,0.1,5.6,0.2,6.2-0.2l-1.4-0.3\n                        c1.7,0.7-3.1,0.6-2.9-0.1l1.4,0c-1.3-1.1-5.4-0.3-8.2-0.6l1.2-0.6l-2.8,0.4c-0.6-0.2-1-0.7,0.4-0.7c-1.9-0.5-1.8,0.1-3.4-0.4\n                        c-0.2-0.1-0.1-0.1,0.1-0.1l-1.9,0.1c0.4-0.1-0.3-0.5,0.9-0.3c-3.4-0.7-5.6,0.1-6.8-0.5l0.3,0c-4.8-0.1-0.5,0.5-4.1,0.8l-2.3-1.4\n                        l-0.5,0.5c-0.5-0.1-1.5-0.2-1.3-0.3c-1.9,0.2,0.3,0.2-0.8,0.5c-2.3-0.6-6.5-0.2-7-1.1c-0.9,0.3,2.2,0.4-0.3,0.6\n                        c-0.7-0.9-2.9,0-5.1-0.5c0.7-0.4,2.7-0.1,0.6-0.6c-1.3,0.7-4.2-0.4-6-0.4c-0.1,0.6-4,0.1-7.1,0.1c0.2-0.2-5.7-0.6-8.6-0.9l0.1-0.1\n                        c-0.6,0.6-3.5,0.4-5.7,0.4c0.1-0.4,0.5-0.5,1.7-0.6c-1.4-0.2-3.1,0.3-4.4,0.2l0.5-0.4c-2.7-0.1-5.4,0.4-8.8,0\n                        c-0.2,0.4,2.7,1.3-0.9,1.5c-0.1-0.2-0.3-0.6,0.7-0.7c-0.6,0.1-1.2,0.1-1.7,0.1l1.5-0.4c-1.6-0.2-0.8,0.3-2.1,0.2\n                        c0-0.3-0.9-0.3-0.7-0.5c0.5,0.1,1,0.1,1.6,0c-1.2,0-2.5-0.2-3.7-0.6c0.1,0.2,0,0.4-1,0.5c-2.7,0-0.9-0.4-2.5-0.6\n                        c-0.7,0.2-2.4,0-2.4,0.5c-0.4,0-0.9-0.1-1.2-0.4c-1.5,0.2-7.1,0-4.6,0.6l-0.2,0c-4.5,0.5-9.4-0.4-13.9-0.1l0-0.2\n                        c-3.1-0.2-7.6,1.1-9.5,0c-1.7,0.2-3.5,0.3-5.3,0.1c2.1-0.3-0.7-0.2,2.1-0.2c-2.7-0.1-3.3-0.4-6.2,0.1c1-0.4-2-0.5-3.3-0.3l1.9,0.3\n                        c-1.4,0.1-2.7,0.1-3.9,0.1l0.7-0.6c-5.5-0.6-9.8,1.4-14,0.4c-1.4,0.4,3,0.2,1.7,0.7c-2.5,0-5.2-0.7-6-0.7c-3.5-0.2-3.2,0.9-6.8,0.8\n                        c0.5,0.2,0.9,0.7-1.8,1c-2.5,0-3.1-0.7-1.5-0.9c0.6,0,0.9,0,0.9,0.1c0.8-0.1,1.9-0.2,0.9-0.4l-0.3,0.2c-1.3-0.2-4.7,0-3.9-0.4\n                        c-1.9,0.3-0.8,0.4,0.6,0.4c-3.2-0.2-5,0.2-8.4,0.1c0.5,0.1,1,0.3,0.5,0.3c-4.9-0.1-2.1,0.5-5.4,0.7c-1.9-0.2,0.6-0.8-2.7-0.4\n                        c-2-0.1-0.4-0.5,0.3-0.7c-3,0.5-5.7,0-7.4,0l1.6-0.2c-0.8,0.1-1.7,0.2-2.5,0.2l0.9,0.4c-0.9,0-1.7,0-1.7-0.2\n                        c-1,0.3,0.8,0.6-1.1,1.1c-1.3-0.2-3.8,0.3-4.2-0.2c3.9,0.1-0.4-0.5,2.9-0.7c-0.4,0.1-3.2,0.2-2-0.1c-3.8-0.4-1.7,0.7-5.6,0.8\n                        c0.5-0.3-0.9-0.5-1.5-0.5c1.6,0,0.8,0.5-0.7,0.7c-2.5-0.2-2.7,0.2-4,0.2l1.5,0.1c-0.5,0.3-1.7,0.3-3.5,0.4c-0.2-0.2,1.6-0.2,1-0.3\n                        c-1.9,0.6-4.4-0.5-7.1-0.1c-1.2-0.2-0.1-0.6-1.2-0.7c-3,0.4-3.3-0.4-6.4-0.1c0.9,0.4,1.1,0.3-1.2,0.7l5.2-0.3l-3.3,0.6\n                        c1.6,0,3.3-0.3,4.3-0.2c-1.6,0.3-1.4,0.2-0.7,0.6c-2.2-0.6-4.3,0.4-6.8-0.1l0.1-1c-3.8-0.4-7.7,0.4-11.5,0.1l1.6,0.2\n                        c-0.7,0.4-3,0-4.6,0.1c0.2-0.3-0.8-0.5-1.5-0.7c0.1,0.3-3.5-0.2-4,0.5c-4.1-1.5-6.4,0.2-10.4-0.3c1.2-0.3-0.5-0.6,2-0.7\n                        c-1.3-0.1-2.4-0.3-2.4,0c-0.7-0.3-3.5,0.2-4.6-0.3c-0.5,0.2-2.1,0.6-2.1,0.1c0,0.2-2.2,0-1,0.5c-1.1-0.4-2.2-0.7-3.4-0.8\n                        c0,0.1-0.1,0.4,0,0.4c0,0,0.1,0,0,0c-0.1-0.1,0.1,0.3,0.1,0.4c5.6-1.5,11.9-2.5,17.4-4c-0.1,0.1,0,0.2-0.4,0.2\n                        c3.4-0.4,1.9-1.4,5.8-1.9c2.1,0.1-2,0.7-0.7,0.7c1.6,0.8,5.2-1.3,7.3-1l-0.6,0.2c2,0,4.7-1.3,8-1.9c0,0-0.1,0.1,0,0.2\n                        c2.1-1,6.3-1.8,9.4-2.5c-0.9,0.6-1.4,0.5-0.7,0.8c1.4-0.3-0.5-0.6,2.3-1.2c0.9,0.1,3-0.1,3.3,0.4c-0.9,0.1-1.8,0.3-2.6,0.5\n                        c1.4,0.4,3.4-0.6,4.8-0.7l-0.1,0.3c4-0.7,4-1.4,8.4-2l-0.5-0.1c2.3-1,2,0.1,4.4-0.7l0.8,0.6c1.6-0.4,5.4-1.4,8.2-1.9\n                        c-2.2,0.8-4.5,1.4-6.8,2c1.6-0.2,5.3-0.8,6.1-1.2c-0.7,0.2-1.3,0.3-2,0.4c2.4-0.9,4.9-1.5,7.5-1.7c-0.4,1.4,8.2-0.7,10.5,0.1\n                        c5.5-1.1,11-1.1,17.4-1.8c-2.4-0.8,1.9-0.2,1.4-1.2c1.5-0.4,5.3-0.1,6.8-0.1c1.1,0.2-1.4,0.4-1.2,0.6c3.3-0.3,1.4,0.3,3.6,0.4\n                        c-0.5-0.3,1.1-0.6,3-0.7l-2.7-0.2c4.5-1,4,0.5,8.6-0.5l-1.4,0.5c2.4-0.4,8.8-0.9,11-1.9c0.4,0.1,1,0.3,0,0.5\n                        c5.7-0.4,12.5-2.1,17-2.1l-0.4,0.3c1-0.4,2.1-0.5,3.1-0.5c-0.5,0.7,3.5-0.7,4.3-0.5l-1.2,0.4c5.6-0.2,8.4-1.6,13-2.3\n                        c0.1,0.7,4.4,0.5,6.6,0.4l-0.1,0.1c12.8-2.2,21.5-3.2,35.4-4.9c-1.9-0.2,5.6-2.3,4.8-1.5l-0.5,0.1c1.2,0.4,4-0.5,6.3-1.2l0.1-1\n                        c3.8,0.2,8.1-3.8,2.9-5.6c-6.5,0.1-12.8-0.9-18.1-0.6l0.1-0.5c-3.9-0.3-5.9-0.4-10.8-0.5l1-0.3c-2.7-0.1-3.5,1.3-6.1,1.2L195,1.7\n                        c-4.8-0.2-9.6-0.9-14.4-0.4c0.1-0.1,0.2-0.3,1-0.3c-2.3-0.1-8.7-0.7-7.9,0.3c0-0.6-4.9-0.2-7.5,0.1l0.4-0.5\n                        c-1.7,0.6-3.5,0.8-5.3,0.8c-0.7-0.1-0.6-0.4,0.3-0.2c-2.4-0.3-1.9,0.4-4.8,0.1l1.1-0.3c-2.3-0.1-7.1,1.1-8.7-0.2\n                        c-1,0.4-2.1,0.6-3.2,0.4c-0.2-0.2,0.3-0.3,0.6-0.3c-4.1-0.4-6.2,0.5-9,0c-0.1-0.2-0.2-0.2-0.5-0.3c3.3,0,5.9,0.1,5.7,0.1\n                        c0-0.4-2.7-0.5-0.5-1.1c-2.2,0.2-6.1,1.3-8.7,0.6l0.3,0c-1.3,0-2.5,0-3.8-0.1c-0.3-0.4-3.1-0.2-4.4-0.2c0.1,0.5-1.6,0.4,0,0.8\n                        C125.2,1,127,1,127.4,1l-0.1,0l3.3,0c-1.2,0.3-2.4,0.4-3.6,0.2c-0.7,0.3-1.4,0.6-1.8,0.8c-1.8-0.7-5.3-1-5.8-1.4\n                        c-5.1-0.2-10.2,1.5-13.8,0.8c0.6,0,1.2-0.1,1.8-0.2c-2.3,0.2-6.8,0.2-7.4,0.8c-2.9-0.2,1.6-0.6-2.4-0.4l0.5-0.2\n                        C90.2,0.4,85.4,3.1,76.6,2c0.4,0,0.7,0.1,1,0.2c-11.5,0.4-23.6,0-35,1.4l-0.6-0.5C36.8,5,33.1,2.8,26.9,4l0.7,0.3\n                        c-1.9,0-5.9,0.5-5.6,0.1c-0.4,0.2-0.9,0.3-1.3,0.2l-0.1-0.3L16,5.1c-3.6,0,0.5-1.1-4.7-0.8C9.4,4.5,5.8,5.3,6.6,5.5\n                        c0.8,0,2,0.1,2.1,0.3L6.9,6c-1.9,2.5,3.6,2,5.8,1.3l1,0.3l-2.5,0.2c1.1,0.2,2.3,0,3.4-0.4c0.9,0.9,3.3-0.4,4.2-0.6\n                        c0.4,0.3-1.3,0.7,0.7,0.7c1.4-0.4-1.4-0.6,0.9-1c1.5,0.3,1.1,0.6,2.7,0.2c0.2,0.2-0.1,0.3-0.8,0.5C23.8,7,26.2,7,27,6.5\n                        c1.5,0.4,5.1-0.4,5,0.4c1.3-0.4,2.6-0.7,4-0.8c-2.5,1,5.2-0.2,4.6,0.8c1.8-0.9,6.7-0.7,10-1.2c-0.3,0.1-0.5,0.2-0.8,0.2\n                        c1.2,0,2.4,0.1,3.6,0.3c0.2-0.7,3.1-0.9,4.7-1.4c2.3,0.6-1.4,0.8-0.6,1.4c-0.1-0.5,4-0.7,3.2-1.1c1.8,0.3,1.5,0.1,2.4,0.7\n                        c0.3-0.8,1.6-0.2,3.1-0.7c2.5,0.3,0.7,0.8,3.4,0.4C70.9,5.7,68.4,6,68.4,6 M134.6,3.7L134.6,3.7l-1.4,0L134.6,3.7 M140.1,3.7\n                        c-0.7,0-1.5,0-2.4,0c-0.2-0.2,0-0.3,0.6-0.3C138,3.5,139.3,3.6,140.1,3.7 M128.4,0.4c0.9-0.1,1.2,0,1.3,0.1c-0.4,0-0.9,0-1.5,0.1\n                        c0,0-0.1,0-0.1,0.1C128.1,0.5,128.2,0.4,128.4,0.4\"\/>\n                \n            <\/svg>\t\t\t\t<\/div>\n\t\t\t\t<\/div>\n\t\t\t\t<\/div>\n\t\t\t\t<\/div>\n\t\t\t\t<\/div>\n\t\t\t\t\t\t<\/div>\n\t\t\t\t<\/div>\n\t\t\t\t\t<\/div>\n\t\t\t\t<\/div>\n\t\t<div data-particle_enable=\"false\" data-particle-mobile-disabled=\"false\" class=\"elementor-element elementor-element-3aee434 e-flex e-con-boxed e-con e-parent\" data-id=\"3aee434\" data-element_type=\"container\">\n\t\t\t\t\t<div class=\"e-con-inner\">\n\t\t\t\t<div class=\"elementor-element elementor-element-5601754 elementor-widget elementor-widget-text-editor\" data-id=\"5601754\" data-element_type=\"widget\" data-widget_type=\"text-editor.default\">\n\t\t\t\t<div class=\"elementor-widget-container\">\n\t\t\t\t\t\t\t\t\t<div class=\"elementor-element elementor-element-fd034ba elementor-widget elementor-widget-text-editor\" data-id=\"fd034ba\" data-element_type=\"widget\" data-widget_type=\"text-editor.default\"><div class=\"elementor-widget-container\"><p>Si necesita<em> <\/em>asistencia<em> <\/em>con una agencia federal, como el Departamento de Asuntos de Veteranos (VA), la Administraci\u00f3n del Seguro Social (SSA), los Servicios de Ciudadan\u00eda e Inmigraci\u00f3n (USCIS), el Servicio de Impuestos Internos (IRS) o cualquier otra agencia del gobierno federal, la oficina del Senador Gallego podr\u00eda ayudarle. Aunque la oficina no puede obligar a una agencia a cambiar una decisi\u00f3n ni garantizar un resultado favorable para su caso, puede asistir facilitando la comunicaci\u00f3n y reduciendo los retrasos. Si su problema no involucra una agencia federal (como asuntos estatales, municipales o judiciales), nuestra oficina podr\u00eda orientarlo a los recursos adecuados.<\/p><p>Bajo la Ley de Privacidad de 1974, la oficina del Senador Gallego necesita su autorizaci\u00f3n por escrito para poder asistirle. Para comenzar, por favor complete el formulario adecuado de Exenci\u00f3n de la Ley de Privacidad que se encuentra abajo. Tambi\u00e9n puede solicitar asistencia enviando un correo electr\u00f3nico a <a href=\"mailto:casework@gallego.senate.gov\">casework@gallego.senate.gov.<\/a><\/p><\/div><\/div><div class=\"elementor-element elementor-element-3d2caf3 elementor-widget elementor-widget-text-editor\" data-id=\"3d2caf3\" data-element_type=\"widget\" data-widget_type=\"text-editor.default\"><div class=\"elementor-widget-container\"><h2><strong>Ayuda con Servicios de Ciudadan\u00eda e Inmigraci\u00f3n (USCIS)<\/strong><\/h2><p>Si est\u00e1 buscando ayuda con los Servicios de Ciudadan\u00eda e Inmigraci\u00f3n (USCIS), por favor haga clic en el siguiente enlace para completar y firmar nuestra Exenci\u00f3n de la Ley de Privacidad del USCIS. Recuerde subir una copia del aviso de recibo del caso, el Formulario I-797 de USCIS Aviso de Acci\u00f3n, antes de hacer clic en \u201csubmit\u201d.<\/p><\/div><\/div>\t\t\t\t\t\t\t\t<\/div>\n\t\t\t\t<\/div>\n\t\t\t\t\t<\/div>\n\t\t\t\t<\/div>\n\t\t<div data-particle_enable=\"false\" data-particle-mobile-disabled=\"false\" class=\"elementor-element elementor-element-8dd8d00 e-flex e-con-boxed e-con e-parent\" data-id=\"8dd8d00\" data-element_type=\"container\">\n\t\t\t\t\t<div class=\"e-con-inner\">\n\t\t\t\t<div class=\"elementor-element elementor-element-fe6b916 ButtonWrapper--secondary elementor-widget elementor-widget-button\" data-id=\"fe6b916\" data-element_type=\"widget\" data-widget_type=\"button.default\">\n\t\t\t\t<div class=\"elementor-widget-container\">\n\t\t\t\t\t\t\t\t\t<div class=\"elementor-button-wrapper\">\n\t\t\t\t\t<a class=\"elementor-button elementor-button-link elementor-size-sm\" href=\"https:\/\/outreach.senate.gov\/iqextranet\/EForm.aspx?__cid=SenGallego&#038;__fid=100012\" target=\"_blank\" rel=\"nofollow\">\n\t\t\t\t\t\t<span class=\"elementor-button-content-wrapper\">\n\t\t\t\t\t\t<span class=\"elementor-button-icon\">\n\t\t\t\t<i aria-hidden=\"true\" class=\"fas fa-arrow-right\"><\/i>\t\t\t<\/span>\n\t\t\t\t\t\t\t\t\t<span class=\"elementor-button-text\">Exenci\u00f3n de la Ley de Privacidad de USCIS<\/span>\n\t\t\t\t\t<\/span>\n\t\t\t\t\t<\/a>\n\t\t\t\t<\/div>\n\t\t\t\t\t\t\t\t<\/div>\n\t\t\t\t<\/div>\n\t\t\t\t\t<\/div>\n\t\t\t\t<\/div>\n\t\t<div data-particle_enable=\"false\" data-particle-mobile-disabled=\"false\" class=\"elementor-element elementor-element-0a036f8 e-flex e-con-boxed e-con e-parent\" data-id=\"0a036f8\" data-element_type=\"container\">\n\t\t\t\t\t<div class=\"e-con-inner\">\n\t\t\t\t<div class=\"elementor-element elementor-element-24c8446 elementor-widget elementor-widget-text-editor\" data-id=\"24c8446\" data-element_type=\"widget\" data-widget_type=\"text-editor.default\">\n\t\t\t\t<div class=\"elementor-widget-container\">\n\t\t\t\t\t\t\t\t\t<h2><strong>Ayuda con otra agencia federal<\/strong><\/h2><p>Si est\u00e1 buscando ayuda con cualquier otra agencia federal, por favor haga clic en el siguiente enlace para completar y firmar nuestra Exenci\u00f3n General de la Ley de Privacidad. Recuerde cargar cualquier documento pertinente antes de hacer clic en \u201csubmit\u201d.<\/p>\t\t\t\t\t\t\t\t<\/div>\n\t\t\t\t<\/div>\n\t\t\t\t\t<\/div>\n\t\t\t\t<\/div>\n\t\t<div data-particle_enable=\"false\" data-particle-mobile-disabled=\"false\" class=\"elementor-element elementor-element-fde5d88 e-flex e-con-boxed e-con e-parent\" data-id=\"fde5d88\" data-element_type=\"container\">\n\t\t\t\t\t<div class=\"e-con-inner\">\n\t\t\t\t<div class=\"elementor-element elementor-element-c4a84f2 ButtonWrapper--secondary elementor-widget elementor-widget-button\" data-id=\"c4a84f2\" data-element_type=\"widget\" data-widget_type=\"button.default\">\n\t\t\t\t<div class=\"elementor-widget-container\">\n\t\t\t\t\t\t\t\t\t<div class=\"elementor-button-wrapper\">\n\t\t\t\t\t<a class=\"elementor-button elementor-button-link elementor-size-sm\" href=\"https:\/\/outreach.senate.gov\/iqextranet\/EForm.aspx?__cid=SenGallego&#038;__fid=100011\" target=\"_blank\" rel=\"nofollow\">\n\t\t\t\t\t\t<span class=\"elementor-button-content-wrapper\">\n\t\t\t\t\t\t<span class=\"elementor-button-icon\">\n\t\t\t\t<i aria-hidden=\"true\" class=\"fas fa-arrow-right\"><\/i>\t\t\t<\/span>\n\t\t\t\t\t\t\t\t\t<span class=\"elementor-button-text\">Exenci\u00f3n General de la Ley de Privacidad<\/span>\n\t\t\t\t\t<\/span>\n\t\t\t\t\t<\/a>\n\t\t\t\t<\/div>\n\t\t\t\t\t\t\t\t<\/div>\n\t\t\t\t<\/div>\n\t\t\t\t\t<\/div>\n\t\t\t\t<\/div>\n\t\t\t\t<\/div>\n\t\t","protected":false},"excerpt":{"rendered":"<p>Si necesita asistencia con una agencia federal, como el Departamento de Asuntos de Veteranos (VA), la Administraci\u00f3n del Seguro Social (SSA), los Servicios de Ciudadan\u00eda e Inmigraci\u00f3n (USCIS), el Servicio de Impuestos Internos (IRS) o cualquier otra agencia del gobierno federal, la oficina del Senador Gallego podr\u00eda ayudarle. Aunque la oficina no puede obligar a [&hellip;]<\/p>\n","protected":false},"author":1,"featured_media":0,"parent":0,"menu_order":0,"comment_status":"closed","ping_status":"closed","template":"","meta":{"_acf_changed":false,"footnotes":""},"class_list":["post-10071","page","type-page","status-publish","hentry"],"acf":{"show_image":false,"blurb":"","banner_style":"Purple"},"_links":{"self":[{"href":"https:\/\/www.gallego.senate.gov\/es\/wp-json\/wp\/v2\/pages\/10071","targetHints":{"allow":["GET"]}}],"collection":[{"href":"https:\/\/www.gallego.senate.gov\/es\/wp-json\/wp\/v2\/pages"}],"about":[{"href":"https:\/\/www.gallego.senate.gov\/es\/wp-json\/wp\/v2\/types\/page"}],"author":[{"embeddable":true,"href":"https:\/\/www.gallego.senate.gov\/es\/wp-json\/wp\/v2\/users\/1"}],"replies":[{"embeddable":true,"href":"https:\/\/www.gallego.senate.gov\/es\/wp-json\/wp\/v2\/comments?post=10071"}],"version-history":[{"count":0,"href":"https:\/\/www.gallego.senate.gov\/es\/wp-json\/wp\/v2\/pages\/10071\/revisions"}],"wp:attachment":[{"href":"https:\/\/www.gallego.senate.gov\/es\/wp-json\/wp\/v2\/media?parent=10071"}],"curies":[{"name":"wp","href":"https:\/\/api.w.org\/{rel}","templated":true}]}}